{"id":294,"date":"2018-12-20T16:55:02","date_gmt":"2018-12-20T15:55:02","guid":{"rendered":"http:\/\/argentat.etrich.de\/wordpress\/?page_id=294"},"modified":"2019-04-25T01:42:04","modified_gmt":"2019-04-24T23:42:04","slug":"ankunft-der-gaeste-aus-argentat","status":"publish","type":"page","link":"https:\/\/BadKoenig-Argentat.de\/index.php\/ankunft-der-gaeste-aus-argentat\/","title":{"rendered":"Partnerschaftsbegegnung 2017 (1)"},"content":{"rendered":"<h1>Ankunft der G\u00e4ste aus Argentat<\/h1>\r\n<div class=\"gmedia_gallery phantom_module is_bot\" id=\"GmediaGallery_27\" data-gmid=\"27\" data-module=\"phantom\"><style class='gmedia_module_style_import'>@import url('https:\/\/BadKoenig-Argentat.de\/wordpress\/wp-content\/grand-media\/module\/phantom\/css\/style.css?v=3.24') all;<\/style>\t<div class=\"gmPhantom_Container noLightbox\" >\n\t\t\t\t<div class=\"gmPhantom_thumbsWrapper gmPhantom_ThumbScale gmPhantom_LabelHover\">\n\t\t\t\t\t\t<div class=\"gmPhantom_ThumbContainer gmPhantom_ThumbLoader\" data-id=\"31\" data-post_id=\"191\" data-ratio=\"1.3333333333333\" data-type=\"image\" data-ext=\"jpg\" data-views=\"4\" data-likes=\"0\">\n\t\t\t\t<a href=\"https:\/\/BadKoenig-Argentat.de\/wordpress\/wp-content\/grand-media\/image\/Bild_1.jpg\" class=\"gmPhantom_Thumb\"><img decoding=\"async\" class=\"noLazy\" src=\"https:\/\/BadKoenig-Argentat.de\/wordpress\/wp-content\/grand-media\/image\/thumb\/Bild_1.jpg\" data-src=\"https:\/\/BadKoenig-Argentat.de\/wordpress\/wp-content\/grand-media\/image\/Bild_1.jpg\" alt=\"Bild 1\"\/><\/a>\n\t\t\t\t\t\t\t\t\t<div class=\"gmPhantom_ThumbLabel\"><span class=\"gmPhantom_ThumbLabel_title\">Bild 1<\/span><\/div>\n\t\t\t\t\t\t\t\t\t<div style=\"display:none;\" class=\"gmPhantom_Details\">\n\t\t\t\t\t\t\t\t\t\t\t<div class=\"gmPhantom_description\">\n\t\t\t\t\t\t\t<div class=\"gmPhantom_title\">Bild 1<\/div>\n\t\t\t\t\t\t\t<div class=\"gmPhantom_text\"><\/div>\n\t\t\t\t\t\t<\/div>\n\t\t\t\t\t\t\t\t\t\t\t\t\t\t\t<div class=\"gmPhantom_terms\">\n\t\t\t\t\t\t\t\t\t\t\t<\/div>\n\t\t\t\t<\/div>\n\t\t\t\t<\/div>\t\t\t<div class=\"gmPhantom_ThumbContainer gmPhantom_ThumbLoader\" data-id=\"32\" data-post_id=\"192\" data-ratio=\"1\" data-type=\"image\" data-ext=\"jpg\" data-views=\"1\" data-likes=\"0\">\n\t\t\t\t<a href=\"https:\/\/BadKoenig-Argentat.de\/wordpress\/wp-content\/grand-media\/image\/Bild_2.jpg\" class=\"gmPhantom_Thumb\"><img decoding=\"async\" class=\"noLazy\" src=\"https:\/\/BadKoenig-Argentat.de\/wordpress\/wp-content\/grand-media\/image\/thumb\/Bild_2.jpg\" data-src=\"https:\/\/BadKoenig-Argentat.de\/wordpress\/wp-content\/grand-media\/image\/Bild_2.jpg\" alt=\"Bild 2\"\/><\/a>\n\t\t\t\t\t\t\t\t\t<div class=\"gmPhantom_ThumbLabel\"><span class=\"gmPhantom_ThumbLabel_title\">Bild 2<\/span><\/div>\n\t\t\t\t\t\t\t\t\t<div style=\"display:none;\" class=\"gmPhantom_Details\">\n\t\t\t\t\t\t\t\t\t\t\t<div class=\"gmPhantom_description\">\n\t\t\t\t\t\t\t<div class=\"gmPhantom_title\">Bild 2<\/div>\n\t\t\t\t\t\t\t<div class=\"gmPhantom_text\"><\/div>\n\t\t\t\t\t\t<\/div>\n\t\t\t\t\t\t\t\t\t\t\t\t\t\t\t<div class=\"gmPhantom_terms\">\n\t\t\t\t\t\t\t\t\t\t\t<\/div>\n\t\t\t\t<\/div>\n\t\t\t\t<\/div>\t\t\t<div class=\"gmPhantom_ThumbContainer gmPhantom_ThumbLoader\" data-id=\"33\" data-post_id=\"193\" data-ratio=\"0.75\" data-type=\"image\" data-ext=\"jpg\" data-views=\"2\" data-likes=\"0\">\n\t\t\t\t<a href=\"https:\/\/BadKoenig-Argentat.de\/wordpress\/wp-content\/grand-media\/image\/Bild_3.jpg\" class=\"gmPhantom_Thumb\"><img decoding=\"async\" class=\"noLazy\" src=\"https:\/\/BadKoenig-Argentat.de\/wordpress\/wp-content\/grand-media\/image\/thumb\/Bild_3.jpg\" data-src=\"https:\/\/BadKoenig-Argentat.de\/wordpress\/wp-content\/grand-media\/image\/Bild_3.jpg\" alt=\"Bild 3\"\/><\/a>\n\t\t\t\t\t\t\t\t\t<div class=\"gmPhantom_ThumbLabel\"><span class=\"gmPhantom_ThumbLabel_title\">Bild 3<\/span><\/div>\n\t\t\t\t\t\t\t\t\t<div style=\"display:none;\" class=\"gmPhantom_Details\">\n\t\t\t\t\t\t\t\t\t\t\t<div class=\"gmPhantom_description\">\n\t\t\t\t\t\t\t<div class=\"gmPhantom_title\">Bild 3<\/div>\n\t\t\t\t\t\t\t<div class=\"gmPhantom_text\"><\/div>\n\t\t\t\t\t\t<\/div>\n\t\t\t\t\t\t\t\t\t\t\t\t\t\t\t<div class=\"gmPhantom_terms\">\n\t\t\t\t\t\t\t\t\t\t\t<\/div>\n\t\t\t\t<\/div>\n\t\t\t\t<\/div>\t\t\t<div class=\"gmPhantom_ThumbContainer gmPhantom_ThumbLoader\" data-id=\"34\" data-post_id=\"194\" data-ratio=\"0.75\" data-type=\"image\" data-ext=\"jpg\" data-views=\"1\" data-likes=\"0\">\n\t\t\t\t<a href=\"https:\/\/BadKoenig-Argentat.de\/wordpress\/wp-content\/grand-media\/image\/Bild_4.jpg\" class=\"gmPhantom_Thumb\"><img decoding=\"async\" class=\"noLazy\" src=\"https:\/\/BadKoenig-Argentat.de\/wordpress\/wp-content\/grand-media\/image\/thumb\/Bild_4.jpg\" data-src=\"https:\/\/BadKoenig-Argentat.de\/wordpress\/wp-content\/grand-media\/image\/Bild_4.jpg\" alt=\"Bild 4\"\/><\/a>\n\t\t\t\t\t\t\t\t\t<div class=\"gmPhantom_ThumbLabel\"><span class=\"gmPhantom_ThumbLabel_title\">Bild 4<\/span><\/div>\n\t\t\t\t\t\t\t\t\t<div style=\"display:none;\" class=\"gmPhantom_Details\">\n\t\t\t\t\t\t\t\t\t\t\t<div class=\"gmPhantom_description\">\n\t\t\t\t\t\t\t<div class=\"gmPhantom_title\">Bild 4<\/div>\n\t\t\t\t\t\t\t<div class=\"gmPhantom_text\"><\/div>\n\t\t\t\t\t\t<\/div>\n\t\t\t\t\t\t\t\t\t\t\t\t\t\t\t<div class=\"gmPhantom_terms\">\n\t\t\t\t\t\t\t\t\t\t\t<\/div>\n\t\t\t\t<\/div>\n\t\t\t\t<\/div>\t\t\t<div class=\"gmPhantom_ThumbContainer gmPhantom_ThumbLoader\" data-id=\"35\" data-post_id=\"195\" data-ratio=\"0.75\" data-type=\"image\" data-ext=\"jpg\" data-views=\"1\" data-likes=\"0\">\n\t\t\t\t<a href=\"https:\/\/BadKoenig-Argentat.de\/wordpress\/wp-content\/grand-media\/image\/Bild_5.jpg\" class=\"gmPhantom_Thumb\"><img decoding=\"async\" class=\"noLazy\" src=\"https:\/\/BadKoenig-Argentat.de\/wordpress\/wp-content\/grand-media\/image\/thumb\/Bild_5.jpg\" data-src=\"https:\/\/BadKoenig-Argentat.de\/wordpress\/wp-content\/grand-media\/image\/Bild_5.jpg\" alt=\"Bild 5\"\/><\/a>\n\t\t\t\t\t\t\t\t\t<div class=\"gmPhantom_ThumbLabel\"><span class=\"gmPhantom_ThumbLabel_title\">Bild 5<\/span><\/div>\n\t\t\t\t\t\t\t\t\t<div style=\"display:none;\" class=\"gmPhantom_Details\">\n\t\t\t\t\t\t\t\t\t\t\t<div class=\"gmPhantom_description\">\n\t\t\t\t\t\t\t<div class=\"gmPhantom_title\">Bild 5<\/div>\n\t\t\t\t\t\t\t<div class=\"gmPhantom_text\"><\/div>\n\t\t\t\t\t\t<\/div>\n\t\t\t\t\t\t\t\t\t\t\t\t\t\t\t<div class=\"gmPhantom_terms\">\n\t\t\t\t\t\t\t\t\t\t\t<\/div>\n\t\t\t\t<\/div>\n\t\t\t\t<\/div>\t\t\t<div class=\"gmPhantom_ThumbContainer gmPhantom_ThumbLoader\" data-id=\"36\" data-post_id=\"196\" data-ratio=\"1.3333333333333\" data-type=\"image\" data-ext=\"jpg\" data-views=\"1\" data-likes=\"0\">\n\t\t\t\t<a href=\"https:\/\/BadKoenig-Argentat.de\/wordpress\/wp-content\/grand-media\/image\/Bild_5a.jpg\" class=\"gmPhantom_Thumb\"><img decoding=\"async\" class=\"noLazy\" src=\"https:\/\/BadKoenig-Argentat.de\/wordpress\/wp-content\/grand-media\/image\/thumb\/Bild_5a.jpg\" data-src=\"https:\/\/BadKoenig-Argentat.de\/wordpress\/wp-content\/grand-media\/image\/Bild_5a.jpg\" alt=\"Bild 5a\"\/><\/a>\n\t\t\t\t\t\t\t\t\t<div class=\"gmPhantom_ThumbLabel\"><span class=\"gmPhantom_ThumbLabel_title\">Bild 5a<\/span><\/div>\n\t\t\t\t\t\t\t\t\t<div style=\"display:none;\" class=\"gmPhantom_Details\">\n\t\t\t\t\t\t\t\t\t\t\t<div class=\"gmPhantom_description\">\n\t\t\t\t\t\t\t<div class=\"gmPhantom_title\">Bild 5a<\/div>\n\t\t\t\t\t\t\t<div class=\"gmPhantom_text\"><\/div>\n\t\t\t\t\t\t<\/div>\n\t\t\t\t\t\t\t\t\t\t\t\t\t\t\t<div class=\"gmPhantom_terms\">\n\t\t\t\t\t\t\t\t\t\t\t<\/div>\n\t\t\t\t<\/div>\n\t\t\t\t<\/div>\t\t\t<div class=\"gmPhantom_ThumbContainer gmPhantom_ThumbLoader\" data-id=\"37\" data-post_id=\"197\" data-ratio=\"1\" data-type=\"image\" data-ext=\"jpg\" data-views=\"3\" data-likes=\"0\">\n\t\t\t\t<a href=\"https:\/\/BadKoenig-Argentat.de\/wordpress\/wp-content\/grand-media\/image\/Bild_6.jpg\" class=\"gmPhantom_Thumb\"><img decoding=\"async\" class=\"noLazy\" src=\"https:\/\/BadKoenig-Argentat.de\/wordpress\/wp-content\/grand-media\/image\/thumb\/Bild_6.jpg\" data-src=\"https:\/\/BadKoenig-Argentat.de\/wordpress\/wp-content\/grand-media\/image\/Bild_6.jpg\" alt=\"Bild 6\"\/><\/a>\n\t\t\t\t\t\t\t\t\t<div class=\"gmPhantom_ThumbLabel\"><span class=\"gmPhantom_ThumbLabel_title\">Bild 6<\/span><\/div>\n\t\t\t\t\t\t\t\t\t<div style=\"display:none;\" class=\"gmPhantom_Details\">\n\t\t\t\t\t\t\t\t\t\t\t<div class=\"gmPhantom_description\">\n\t\t\t\t\t\t\t<div class=\"gmPhantom_title\">Bild 6<\/div>\n\t\t\t\t\t\t\t<div class=\"gmPhantom_text\"><\/div>\n\t\t\t\t\t\t<\/div>\n\t\t\t\t\t\t\t\t\t\t\t\t\t\t\t<div class=\"gmPhantom_terms\">\n\t\t\t\t\t\t\t\t\t\t\t<\/div>\n\t\t\t\t<\/div>\n\t\t\t\t<\/div>\t\t\t<div class=\"gmPhantom_ThumbContainer gmPhantom_ThumbLoader\" data-id=\"38\" data-post_id=\"198\" data-ratio=\"1.3333333333333\" data-type=\"image\" data-ext=\"jpg\" data-views=\"4\" data-likes=\"0\">\n\t\t\t\t<a href=\"https:\/\/BadKoenig-Argentat.de\/wordpress\/wp-content\/grand-media\/image\/Bild_7.jpg\" class=\"gmPhantom_Thumb\"><img decoding=\"async\" class=\"noLazy\" src=\"https:\/\/BadKoenig-Argentat.de\/wordpress\/wp-content\/grand-media\/image\/thumb\/Bild_7.jpg\" data-src=\"https:\/\/BadKoenig-Argentat.de\/wordpress\/wp-content\/grand-media\/image\/Bild_7.jpg\" alt=\"Bild 7\"\/><\/a>\n\t\t\t\t\t\t\t\t\t<div class=\"gmPhantom_ThumbLabel\"><span class=\"gmPhantom_ThumbLabel_title\">Bild 7<\/span><\/div>\n\t\t\t\t\t\t\t\t\t<div style=\"display:none;\" class=\"gmPhantom_Details\">\n\t\t\t\t\t\t\t\t\t\t\t<div class=\"gmPhantom_description\">\n\t\t\t\t\t\t\t<div class=\"gmPhantom_title\">Bild 7<\/div>\n\t\t\t\t\t\t\t<div class=\"gmPhantom_text\"><\/div>\n\t\t\t\t\t\t<\/div>\n\t\t\t\t\t\t\t\t\t\t\t\t\t\t\t<div class=\"gmPhantom_terms\">\n\t\t\t\t\t\t\t\t\t\t\t<\/div>\n\t\t\t\t<\/div>\n\t\t\t\t<\/div>\t\t<\/div>\n\t<\/div>\n<\/div>\r\n<!-- \/wp:shortcode -->\r\n\r\n<!-- wp:heading {\"level\":4} -->\r\n<h4><a href=\"\/index.php\/2017-2\/\">Zur\u00fcck zur Partnerschaftsbegegnung 2017<\/a><\/h4>\r\n<!-- \/wp:heading -->\r\n\r\n<!-- wp:paragraph -->\r\n<p>&nbsp;<\/p>\r\n<!-- \/wp:paragraph -->","protected":false},"excerpt":{"rendered":"<p>Ankunft der G\u00e4ste aus Argentat Zur\u00fcck zur Partnerschaftsbegegnung 2017 &nbsp;<\/p>\n","protected":false},"author":1,"featured_media":0,"parent":0,"menu_order":0,"comment_status":"closed","ping_status":"closed","template":"","meta":{"footnotes":""},"class_list":["post-294","page","type-page","status-publish","hentry"],"yoast_head":"<!-- This site is optimized with the Yoast SEO plugin v26.8 - https:\/\/yoast.com\/product\/yoast-seo-wordpress\/ -->\n<title>Partnerschaftsbegegnung 2017 (1) - Partnerschaftskomitee Bad K\u00f6nig - Argentat<\/title>\n<meta name=\"robots\" content=\"index, follow, max-snippet:-1, max-image-preview:large, max-video-preview:-1\" \/>\n<link rel=\"canonical\" href=\"https:\/\/BadKoenig-Argentat.de\/index.php\/ankunft-der-gaeste-aus-argentat\/\" \/>\n<meta property=\"og:locale\" content=\"de_DE\" \/>\n<meta property=\"og:type\" content=\"article\" \/>\n<meta property=\"og:title\" content=\"Partnerschaftsbegegnung 2017 (1) - Partnerschaftskomitee Bad K\u00f6nig - Argentat\" \/>\n<meta property=\"og:description\" content=\"Ankunft der G\u00e4ste aus Argentat Zur\u00fcck zur Partnerschaftsbegegnung 2017 &nbsp;\" \/>\n<meta property=\"og:url\" content=\"https:\/\/BadKoenig-Argentat.de\/index.php\/ankunft-der-gaeste-aus-argentat\/\" \/>\n<meta property=\"og:site_name\" content=\"Partnerschaftskomitee Bad K\u00f6nig - Argentat\" \/>\n<meta property=\"article:modified_time\" content=\"2019-04-24T23:42:04+00:00\" \/>\n<meta name=\"twitter:card\" content=\"summary_large_image\" \/>\n<script type=\"application\/ld+json\" class=\"yoast-schema-graph\">{\"@context\":\"https:\/\/schema.org\",\"@graph\":[{\"@type\":\"WebPage\",\"@id\":\"https:\/\/BadKoenig-Argentat.de\/index.php\/ankunft-der-gaeste-aus-argentat\/\",\"url\":\"https:\/\/BadKoenig-Argentat.de\/index.php\/ankunft-der-gaeste-aus-argentat\/\",\"name\":\"Partnerschaftsbegegnung 2017 (1) - Partnerschaftskomitee Bad K\u00f6nig - Argentat\",\"isPartOf\":{\"@id\":\"https:\/\/BadKoenig-Argentat.de\/index.php\/#website\"},\"datePublished\":\"2018-12-20T15:55:02+00:00\",\"dateModified\":\"2019-04-24T23:42:04+00:00\",\"breadcrumb\":{\"@id\":\"https:\/\/BadKoenig-Argentat.de\/index.php\/ankunft-der-gaeste-aus-argentat\/#breadcrumb\"},\"inLanguage\":\"de\",\"potentialAction\":[{\"@type\":\"ReadAction\",\"target\":[\"https:\/\/BadKoenig-Argentat.de\/index.php\/ankunft-der-gaeste-aus-argentat\/\"]}]},{\"@type\":\"BreadcrumbList\",\"@id\":\"https:\/\/BadKoenig-Argentat.de\/index.php\/ankunft-der-gaeste-aus-argentat\/#breadcrumb\",\"itemListElement\":[{\"@type\":\"ListItem\",\"position\":1,\"name\":\"Startseite\",\"item\":\"https:\/\/BadKoenig-Argentat.de\/index.php\/\"},{\"@type\":\"ListItem\",\"position\":2,\"name\":\"Partnerschaftsbegegnung 2017 (1)\"}]},{\"@type\":\"WebSite\",\"@id\":\"https:\/\/BadKoenig-Argentat.de\/index.php\/#website\",\"url\":\"https:\/\/BadKoenig-Argentat.de\/index.php\/\",\"name\":\"Partnerschaftskomitee Bad K\u00f6nig - Argentat\",\"description\":\"\",\"publisher\":{\"@id\":\"https:\/\/BadKoenig-Argentat.de\/index.php\/#organization\"},\"potentialAction\":[{\"@type\":\"SearchAction\",\"target\":{\"@type\":\"EntryPoint\",\"urlTemplate\":\"https:\/\/BadKoenig-Argentat.de\/index.php\/?s={search_term_string}\"},\"query-input\":{\"@type\":\"PropertyValueSpecification\",\"valueRequired\":true,\"valueName\":\"search_term_string\"}}],\"inLanguage\":\"de\"},{\"@type\":\"Organization\",\"@id\":\"https:\/\/BadKoenig-Argentat.de\/index.php\/#organization\",\"name\":\"Partnerschaftskomitee Bad K\u00f6nig - Argentat\",\"url\":\"https:\/\/BadKoenig-Argentat.de\/index.php\/\",\"logo\":{\"@type\":\"ImageObject\",\"inLanguage\":\"de\",\"@id\":\"https:\/\/BadKoenig-Argentat.de\/index.php\/#\/schema\/logo\/image\/\",\"url\":\"https:\/\/BadKoenig-Argentat.de\/wordpress\/wp-content\/uploads\/banner_logo3.png\",\"contentUrl\":\"https:\/\/BadKoenig-Argentat.de\/wordpress\/wp-content\/uploads\/banner_logo3.png\",\"width\":1680,\"height\":525,\"caption\":\"Partnerschaftskomitee Bad K\u00f6nig - Argentat\"},\"image\":{\"@id\":\"https:\/\/BadKoenig-Argentat.de\/index.php\/#\/schema\/logo\/image\/\"}}]}<\/script>\n<!-- \/ Yoast SEO plugin. -->","yoast_head_json":{"title":"Partnerschaftsbegegnung 2017 (1) - Partnerschaftskomitee Bad K\u00f6nig - Argentat","robots":{"index":"index","follow":"follow","max-snippet":"max-snippet:-1","max-image-preview":"max-image-preview:large","max-video-preview":"max-video-preview:-1"},"canonical":"https:\/\/BadKoenig-Argentat.de\/index.php\/ankunft-der-gaeste-aus-argentat\/","og_locale":"de_DE","og_type":"article","og_title":"Partnerschaftsbegegnung 2017 (1) - Partnerschaftskomitee Bad K\u00f6nig - Argentat","og_description":"Ankunft der G\u00e4ste aus Argentat Zur\u00fcck zur Partnerschaftsbegegnung 2017 &nbsp;","og_url":"https:\/\/BadKoenig-Argentat.de\/index.php\/ankunft-der-gaeste-aus-argentat\/","og_site_name":"Partnerschaftskomitee Bad K\u00f6nig - Argentat","article_modified_time":"2019-04-24T23:42:04+00:00","twitter_card":"summary_large_image","schema":{"@context":"https:\/\/schema.org","@graph":[{"@type":"WebPage","@id":"https:\/\/BadKoenig-Argentat.de\/index.php\/ankunft-der-gaeste-aus-argentat\/","url":"https:\/\/BadKoenig-Argentat.de\/index.php\/ankunft-der-gaeste-aus-argentat\/","name":"Partnerschaftsbegegnung 2017 (1) - Partnerschaftskomitee Bad K\u00f6nig - Argentat","isPartOf":{"@id":"https:\/\/BadKoenig-Argentat.de\/index.php\/#website"},"datePublished":"2018-12-20T15:55:02+00:00","dateModified":"2019-04-24T23:42:04+00:00","breadcrumb":{"@id":"https:\/\/BadKoenig-Argentat.de\/index.php\/ankunft-der-gaeste-aus-argentat\/#breadcrumb"},"inLanguage":"de","potentialAction":[{"@type":"ReadAction","target":["https:\/\/BadKoenig-Argentat.de\/index.php\/ankunft-der-gaeste-aus-argentat\/"]}]},{"@type":"BreadcrumbList","@id":"https:\/\/BadKoenig-Argentat.de\/index.php\/ankunft-der-gaeste-aus-argentat\/#breadcrumb","itemListElement":[{"@type":"ListItem","position":1,"name":"Startseite","item":"https:\/\/BadKoenig-Argentat.de\/index.php\/"},{"@type":"ListItem","position":2,"name":"Partnerschaftsbegegnung 2017 (1)"}]},{"@type":"WebSite","@id":"https:\/\/BadKoenig-Argentat.de\/index.php\/#website","url":"https:\/\/BadKoenig-Argentat.de\/index.php\/","name":"Partnerschaftskomitee Bad K\u00f6nig - Argentat","description":"","publisher":{"@id":"https:\/\/BadKoenig-Argentat.de\/index.php\/#organization"},"potentialAction":[{"@type":"SearchAction","target":{"@type":"EntryPoint","urlTemplate":"https:\/\/BadKoenig-Argentat.de\/index.php\/?s={search_term_string}"},"query-input":{"@type":"PropertyValueSpecification","valueRequired":true,"valueName":"search_term_string"}}],"inLanguage":"de"},{"@type":"Organization","@id":"https:\/\/BadKoenig-Argentat.de\/index.php\/#organization","name":"Partnerschaftskomitee Bad K\u00f6nig - Argentat","url":"https:\/\/BadKoenig-Argentat.de\/index.php\/","logo":{"@type":"ImageObject","inLanguage":"de","@id":"https:\/\/BadKoenig-Argentat.de\/index.php\/#\/schema\/logo\/image\/","url":"https:\/\/BadKoenig-Argentat.de\/wordpress\/wp-content\/uploads\/banner_logo3.png","contentUrl":"https:\/\/BadKoenig-Argentat.de\/wordpress\/wp-content\/uploads\/banner_logo3.png","width":1680,"height":525,"caption":"Partnerschaftskomitee Bad K\u00f6nig - Argentat"},"image":{"@id":"https:\/\/BadKoenig-Argentat.de\/index.php\/#\/schema\/logo\/image\/"}}]}},"_links":{"self":[{"href":"https:\/\/BadKoenig-Argentat.de\/index.php\/wp-json\/wp\/v2\/pages\/294","targetHints":{"allow":["GET"]}}],"collection":[{"href":"https:\/\/BadKoenig-Argentat.de\/index.php\/wp-json\/wp\/v2\/pages"}],"about":[{"href":"https:\/\/BadKoenig-Argentat.de\/index.php\/wp-json\/wp\/v2\/types\/page"}],"author":[{"embeddable":true,"href":"https:\/\/BadKoenig-Argentat.de\/index.php\/wp-json\/wp\/v2\/users\/1"}],"replies":[{"embeddable":true,"href":"https:\/\/BadKoenig-Argentat.de\/index.php\/wp-json\/wp\/v2\/comments?post=294"}],"version-history":[{"count":5,"href":"https:\/\/BadKoenig-Argentat.de\/index.php\/wp-json\/wp\/v2\/pages\/294\/revisions"}],"predecessor-version":[{"id":419,"href":"https:\/\/BadKoenig-Argentat.de\/index.php\/wp-json\/wp\/v2\/pages\/294\/revisions\/419"}],"wp:attachment":[{"href":"https:\/\/BadKoenig-Argentat.de\/index.php\/wp-json\/wp\/v2\/media?parent=294"}],"curies":[{"name":"wp","href":"https:\/\/api.w.org\/{rel}","templated":true}]}}