{"id":30,"date":"2018-12-19T23:46:28","date_gmt":"2018-12-19T22:46:28","guid":{"rendered":"http:\/\/argentat.etrich.de\/wordpress\/?page_id=30"},"modified":"2022-11-22T20:23:54","modified_gmt":"2022-11-22T19:23:54","slug":"ueber-uns","status":"publish","type":"page","link":"https:\/\/BadKoenig-Argentat.de\/index.php\/","title":{"rendered":"\u00dcber uns"},"content":{"rendered":"\r\n<div class=\"wp-block-image\">\r\n<figure class=\"alignleft\"><a href=\"http:\/\/BadKoenig-Argentat.de\/wordpress\/wp-content\/uploads\/2019\/01\/Urkunde.jpg\"><img loading=\"lazy\" decoding=\"async\" class=\"alignnone wp-image-319\" src=\"http:\/\/BadKoenig-Argentat.de\/wordpress\/wp-content\/uploads\/2019\/01\/Urkunde-205x300.jpg\" alt=\"Beurkundung der St\u00e4dtepartnerschaft\" width=\"205\" height=\"300\" srcset=\"https:\/\/BadKoenig-Argentat.de\/wordpress\/wp-content\/uploads\/2019\/01\/Urkunde-205x300.jpg 205w, https:\/\/BadKoenig-Argentat.de\/wordpress\/wp-content\/uploads\/2019\/01\/Urkunde-768x1126.jpg 768w, https:\/\/BadKoenig-Argentat.de\/wordpress\/wp-content\/uploads\/2019\/01\/Urkunde-699x1024.jpg 699w\" sizes=\"auto, (max-width: 205px) 100vw, 205px\" \/><\/a>\r\n<figcaption>Beurkundung der St\u00e4dtepartnerschaft<\/figcaption>\r\n<\/figure>\r\n<\/div>\r\n\r\n\r\n\r\n<p class=\"has-text-color has-very-dark-gray-color\">Die <strong>St\u00e4dtepartnerschaft Bad K\u00f6nig &#8211; Argenta<\/strong>t wurde 1982 gegr\u00fcndet. Die Ziele und Aufgaben des Komitees sind: Verstehen durch Kennenlernen, F\u00f6rderung der V\u00f6lkerverst\u00e4ndigung und der Freundschaft zwischen den St\u00e4dten Bad K\u00f6nig und Argentat.<\/p>\r\n\r\n\r\n\r\n<div class=\"wp-block-image\">\r\n<figure class=\"alignright\"><a href=\"http:\/\/BadKoenig-Argentat.de\/wordpress\/wp-content\/uploads\/2019\/01\/Karte.jpg\"><img loading=\"lazy\" decoding=\"async\" width=\"300\" height=\"233\" class=\"wp-image-320\" src=\"http:\/\/BadKoenig-Argentat.de\/wordpress\/wp-content\/uploads\/2019\/01\/Karte-300x233.jpg\" alt=\"Die Lage von Argentat in Frankreich\" srcset=\"https:\/\/BadKoenig-Argentat.de\/wordpress\/wp-content\/uploads\/2019\/01\/Karte-300x233.jpg 300w, https:\/\/BadKoenig-Argentat.de\/wordpress\/wp-content\/uploads\/2019\/01\/Karte-768x595.jpg 768w, https:\/\/BadKoenig-Argentat.de\/wordpress\/wp-content\/uploads\/2019\/01\/Karte.jpg 827w\" sizes=\"auto, (max-width: 300px) 100vw, 300px\" \/><\/a>\r\n<figcaption>Die Lage von Argentat in Frankreich<\/figcaption>\r\n<\/figure>\r\n<\/div>\r\n\r\n\r\n\r\n<p>Unsere Partnerstadt Argentat liegt im Herzen Frankreichs, dem Limousin, eingebettet in gewaltige Berge der Ausl\u00e4ufer des Zentralmassivs. Die Dordogne durchflie\u00dft die Stadt und teilt sie in zwei H\u00e4lften: den alten Teil rund um die Kirche und die einstige Vorstadt Le Bastier. Vereint werden beide durch die 1893 erbaute Br\u00fccke &#8222;Pont de Pierre&#8220;. An der neu gestalteten Uferpromenade findet man noch viele typische H\u00e4user der Region mit Holzbalkonen und natursteingedeckten D\u00e4chern. Mit den eingemeindeten Ortsteilen hat Argentat ca 8.000 Einwohner. Die acht Staud\u00e4mme der franz\u00f6sischen Elektrizit\u00e4tsgesellschaft an Dordogne und Maronne, sowie kleinere, meist Holz verarbeitende Industriebetriebe, bieten ganzj\u00e4hrige Verdienstm\u00f6glichkeiten. Im Sommer ist Argentat eine viel besuchte Touristenstadt mit etwa 25.000 G\u00e4sten. Acht Campingpl\u00e4tze, Fremdenzimmer, Ferienwohnungen und gute Hotels bieten reichlich Unterkunft, und die Stauseen laden zu sportlichen Aktivit\u00e4ten ein.<\/p>\r\n\r\n\r\n\r\n<div class=\"wp-block-image\">\r\n<figure class=\"alignleft is-resized\"><img loading=\"lazy\" decoding=\"async\" class=\"wp-image-321\" src=\"http:\/\/BadKoenig-Argentat.de\/wordpress\/wp-content\/uploads\/2019\/01\/Komitee-1024x682.jpg\" alt=\"Einige Komiteemitglieder in Argentat\" width=\"256\" height=\"171\" srcset=\"https:\/\/BadKoenig-Argentat.de\/wordpress\/wp-content\/uploads\/2019\/01\/Komitee-1024x682.jpg 1024w, https:\/\/BadKoenig-Argentat.de\/wordpress\/wp-content\/uploads\/2019\/01\/Komitee-300x200.jpg 300w, https:\/\/BadKoenig-Argentat.de\/wordpress\/wp-content\/uploads\/2019\/01\/Komitee-768x512.jpg 768w, https:\/\/BadKoenig-Argentat.de\/wordpress\/wp-content\/uploads\/2019\/01\/Komitee-420x283.jpg 420w, https:\/\/BadKoenig-Argentat.de\/wordpress\/wp-content\/uploads\/2019\/01\/Komitee-840x565.jpg 840w, https:\/\/BadKoenig-Argentat.de\/wordpress\/wp-content\/uploads\/2019\/01\/Komitee.jpg 2044w\" sizes=\"auto, (max-width: 256px) 100vw, 256px\" \/>\r\n<figcaption>Einige Komiteemitglieder in Argentat<\/figcaption>\r\n<\/figure>\r\n<\/div>\r\n\r\n\r\n\r\n<p>Das Partnerschaftskomitee f\u00f6rdert und pflegt die Begegnungen von Privatpersonen und Vereinen, unterst\u00fctzt den Austausch von Jugendlichen und die partnerschaftlichen Beziehungen der beiden Gemeinden.<\/p>\r\n\r\n\r\n\r\n<p>Jedes Jahr findet eine offizielle Partnerschaftsbegegnung mit einen umfangreichen Programm statt, einmal in Argentat und im darauf folgenden Jahr in Bad K\u00f6nig. An diesen Begegnungen k\u00f6nnen sich alle interessierten B\u00fcrger beteiligen.<\/p>\r\n\r\n<p>&nbsp;<\/p>","protected":false},"excerpt":{"rendered":"<p>Die St\u00e4dtepartnerschaft Bad K\u00f6nig &#8211; Argentat wurde 1982 gegr\u00fcndet. Die Ziele und Aufgaben des Komitees sind: Verstehen durch Kennenlernen, F\u00f6rderung der V\u00f6lkerverst\u00e4ndigung und der Freundschaft zwischen den St\u00e4dten Bad K\u00f6nig und Argentat. Unsere Partnerstadt Argentat <span class=\"readmore\"><a href=\"https:\/\/BadKoenig-Argentat.de\/index.php\/\">Weiterlesen\u00a0\u2026<\/a><\/span><\/p>\n","protected":false},"author":1,"featured_media":319,"parent":0,"menu_order":0,"comment_status":"closed","ping_status":"closed","template":"","meta":{"footnotes":""},"class_list":["post-30","page","type-page","status-publish","has-post-thumbnail","hentry"],"yoast_head":"<!-- This site is optimized with the Yoast SEO plugin v26.8 - https:\/\/yoast.com\/product\/yoast-seo-wordpress\/ -->\n<title>\u00dcber uns - Partnerschaftskomitee Bad K\u00f6nig - Argentat<\/title>\n<meta name=\"robots\" content=\"index, follow, max-snippet:-1, max-image-preview:large, max-video-preview:-1\" \/>\n<link rel=\"canonical\" href=\"https:\/\/BadKoenig-Argentat.de\/index.php\/\" \/>\n<meta property=\"og:locale\" content=\"de_DE\" \/>\n<meta property=\"og:type\" content=\"article\" \/>\n<meta property=\"og:title\" content=\"\u00dcber uns - Partnerschaftskomitee Bad K\u00f6nig - Argentat\" \/>\n<meta property=\"og:description\" content=\"Die St\u00e4dtepartnerschaft Bad K\u00f6nig &#8211; Argentat wurde 1982 gegr\u00fcndet. Die Ziele und Aufgaben des Komitees sind: Verstehen durch Kennenlernen, F\u00f6rderung der V\u00f6lkerverst\u00e4ndigung und der Freundschaft zwischen den St\u00e4dten Bad K\u00f6nig und Argentat. Unsere Partnerstadt Argentat Weiterlesen\u00a0\u2026\" \/>\n<meta property=\"og:url\" content=\"https:\/\/BadKoenig-Argentat.de\/index.php\/\" \/>\n<meta property=\"og:site_name\" content=\"Partnerschaftskomitee Bad K\u00f6nig - Argentat\" \/>\n<meta property=\"article:modified_time\" content=\"2022-11-22T19:23:54+00:00\" \/>\n<meta property=\"og:image\" content=\"https:\/\/BadKoenig-Argentat.de\/wordpress\/wp-content\/uploads\/2019\/01\/Urkunde.jpg\" \/>\n\t<meta property=\"og:image:width\" content=\"2173\" \/>\n\t<meta property=\"og:image:height\" content=\"3185\" \/>\n\t<meta property=\"og:image:type\" content=\"image\/jpeg\" \/>\n<meta name=\"twitter:card\" content=\"summary_large_image\" \/>\n<meta name=\"twitter:label1\" content=\"Gesch\u00e4tzte Lesezeit\" \/>\n\t<meta name=\"twitter:data1\" content=\"1\u00a0Minute\" \/>\n<script type=\"application\/ld+json\" class=\"yoast-schema-graph\">{\"@context\":\"https:\/\/schema.org\",\"@graph\":[{\"@type\":\"WebPage\",\"@id\":\"https:\/\/BadKoenig-Argentat.de\/index.php\/\",\"url\":\"https:\/\/BadKoenig-Argentat.de\/index.php\/\",\"name\":\"\u00dcber uns - Partnerschaftskomitee Bad K\u00f6nig - Argentat\",\"isPartOf\":{\"@id\":\"https:\/\/BadKoenig-Argentat.de\/index.php\/#website\"},\"primaryImageOfPage\":{\"@id\":\"https:\/\/BadKoenig-Argentat.de\/index.php\/#primaryimage\"},\"image\":{\"@id\":\"https:\/\/BadKoenig-Argentat.de\/index.php\/#primaryimage\"},\"thumbnailUrl\":\"https:\/\/BadKoenig-Argentat.de\/wordpress\/wp-content\/uploads\/2019\/01\/Urkunde.jpg\",\"datePublished\":\"2018-12-19T22:46:28+00:00\",\"dateModified\":\"2022-11-22T19:23:54+00:00\",\"breadcrumb\":{\"@id\":\"https:\/\/BadKoenig-Argentat.de\/index.php\/#breadcrumb\"},\"inLanguage\":\"de\",\"potentialAction\":[{\"@type\":\"ReadAction\",\"target\":[\"https:\/\/BadKoenig-Argentat.de\/index.php\/\"]}]},{\"@type\":\"ImageObject\",\"inLanguage\":\"de\",\"@id\":\"https:\/\/BadKoenig-Argentat.de\/index.php\/#primaryimage\",\"url\":\"https:\/\/BadKoenig-Argentat.de\/wordpress\/wp-content\/uploads\/2019\/01\/Urkunde.jpg\",\"contentUrl\":\"https:\/\/BadKoenig-Argentat.de\/wordpress\/wp-content\/uploads\/2019\/01\/Urkunde.jpg\",\"width\":2173,\"height\":3185},{\"@type\":\"BreadcrumbList\",\"@id\":\"https:\/\/BadKoenig-Argentat.de\/index.php\/#breadcrumb\",\"itemListElement\":[{\"@type\":\"ListItem\",\"position\":1,\"name\":\"Startseite\",\"item\":\"https:\/\/BadKoenig-Argentat.de\/index.php\/\"},{\"@type\":\"ListItem\",\"position\":2,\"name\":\"\u00dcber uns\"}]},{\"@type\":\"WebSite\",\"@id\":\"https:\/\/BadKoenig-Argentat.de\/index.php\/#website\",\"url\":\"https:\/\/BadKoenig-Argentat.de\/index.php\/\",\"name\":\"Partnerschaftskomitee Bad K\u00f6nig - Argentat\",\"description\":\"\",\"publisher\":{\"@id\":\"https:\/\/BadKoenig-Argentat.de\/index.php\/#organization\"},\"potentialAction\":[{\"@type\":\"SearchAction\",\"target\":{\"@type\":\"EntryPoint\",\"urlTemplate\":\"https:\/\/BadKoenig-Argentat.de\/index.php\/?s={search_term_string}\"},\"query-input\":{\"@type\":\"PropertyValueSpecification\",\"valueRequired\":true,\"valueName\":\"search_term_string\"}}],\"inLanguage\":\"de\"},{\"@type\":\"Organization\",\"@id\":\"https:\/\/BadKoenig-Argentat.de\/index.php\/#organization\",\"name\":\"Partnerschaftskomitee Bad K\u00f6nig - Argentat\",\"url\":\"https:\/\/BadKoenig-Argentat.de\/index.php\/\",\"logo\":{\"@type\":\"ImageObject\",\"inLanguage\":\"de\",\"@id\":\"https:\/\/BadKoenig-Argentat.de\/index.php\/#\/schema\/logo\/image\/\",\"url\":\"https:\/\/BadKoenig-Argentat.de\/wordpress\/wp-content\/uploads\/banner_logo3.png\",\"contentUrl\":\"https:\/\/BadKoenig-Argentat.de\/wordpress\/wp-content\/uploads\/banner_logo3.png\",\"width\":1680,\"height\":525,\"caption\":\"Partnerschaftskomitee Bad K\u00f6nig - Argentat\"},\"image\":{\"@id\":\"https:\/\/BadKoenig-Argentat.de\/index.php\/#\/schema\/logo\/image\/\"}}]}<\/script>\n<!-- \/ Yoast SEO plugin. -->","yoast_head_json":{"title":"\u00dcber uns - Partnerschaftskomitee Bad K\u00f6nig - Argentat","robots":{"index":"index","follow":"follow","max-snippet":"max-snippet:-1","max-image-preview":"max-image-preview:large","max-video-preview":"max-video-preview:-1"},"canonical":"https:\/\/BadKoenig-Argentat.de\/index.php\/","og_locale":"de_DE","og_type":"article","og_title":"\u00dcber uns - Partnerschaftskomitee Bad K\u00f6nig - Argentat","og_description":"Die St\u00e4dtepartnerschaft Bad K\u00f6nig &#8211; Argentat wurde 1982 gegr\u00fcndet. Die Ziele und Aufgaben des Komitees sind: Verstehen durch Kennenlernen, F\u00f6rderung der V\u00f6lkerverst\u00e4ndigung und der Freundschaft zwischen den St\u00e4dten Bad K\u00f6nig und Argentat. Unsere Partnerstadt Argentat Weiterlesen\u00a0\u2026","og_url":"https:\/\/BadKoenig-Argentat.de\/index.php\/","og_site_name":"Partnerschaftskomitee Bad K\u00f6nig - Argentat","article_modified_time":"2022-11-22T19:23:54+00:00","og_image":[{"width":2173,"height":3185,"url":"https:\/\/BadKoenig-Argentat.de\/wordpress\/wp-content\/uploads\/2019\/01\/Urkunde.jpg","type":"image\/jpeg"}],"twitter_card":"summary_large_image","twitter_misc":{"Gesch\u00e4tzte Lesezeit":"1\u00a0Minute"},"schema":{"@context":"https:\/\/schema.org","@graph":[{"@type":"WebPage","@id":"https:\/\/BadKoenig-Argentat.de\/index.php\/","url":"https:\/\/BadKoenig-Argentat.de\/index.php\/","name":"\u00dcber uns - Partnerschaftskomitee Bad K\u00f6nig - Argentat","isPartOf":{"@id":"https:\/\/BadKoenig-Argentat.de\/index.php\/#website"},"primaryImageOfPage":{"@id":"https:\/\/BadKoenig-Argentat.de\/index.php\/#primaryimage"},"image":{"@id":"https:\/\/BadKoenig-Argentat.de\/index.php\/#primaryimage"},"thumbnailUrl":"https:\/\/BadKoenig-Argentat.de\/wordpress\/wp-content\/uploads\/2019\/01\/Urkunde.jpg","datePublished":"2018-12-19T22:46:28+00:00","dateModified":"2022-11-22T19:23:54+00:00","breadcrumb":{"@id":"https:\/\/BadKoenig-Argentat.de\/index.php\/#breadcrumb"},"inLanguage":"de","potentialAction":[{"@type":"ReadAction","target":["https:\/\/BadKoenig-Argentat.de\/index.php\/"]}]},{"@type":"ImageObject","inLanguage":"de","@id":"https:\/\/BadKoenig-Argentat.de\/index.php\/#primaryimage","url":"https:\/\/BadKoenig-Argentat.de\/wordpress\/wp-content\/uploads\/2019\/01\/Urkunde.jpg","contentUrl":"https:\/\/BadKoenig-Argentat.de\/wordpress\/wp-content\/uploads\/2019\/01\/Urkunde.jpg","width":2173,"height":3185},{"@type":"BreadcrumbList","@id":"https:\/\/BadKoenig-Argentat.de\/index.php\/#breadcrumb","itemListElement":[{"@type":"ListItem","position":1,"name":"Startseite","item":"https:\/\/BadKoenig-Argentat.de\/index.php\/"},{"@type":"ListItem","position":2,"name":"\u00dcber uns"}]},{"@type":"WebSite","@id":"https:\/\/BadKoenig-Argentat.de\/index.php\/#website","url":"https:\/\/BadKoenig-Argentat.de\/index.php\/","name":"Partnerschaftskomitee Bad K\u00f6nig - Argentat","description":"","publisher":{"@id":"https:\/\/BadKoenig-Argentat.de\/index.php\/#organization"},"potentialAction":[{"@type":"SearchAction","target":{"@type":"EntryPoint","urlTemplate":"https:\/\/BadKoenig-Argentat.de\/index.php\/?s={search_term_string}"},"query-input":{"@type":"PropertyValueSpecification","valueRequired":true,"valueName":"search_term_string"}}],"inLanguage":"de"},{"@type":"Organization","@id":"https:\/\/BadKoenig-Argentat.de\/index.php\/#organization","name":"Partnerschaftskomitee Bad K\u00f6nig - Argentat","url":"https:\/\/BadKoenig-Argentat.de\/index.php\/","logo":{"@type":"ImageObject","inLanguage":"de","@id":"https:\/\/BadKoenig-Argentat.de\/index.php\/#\/schema\/logo\/image\/","url":"https:\/\/BadKoenig-Argentat.de\/wordpress\/wp-content\/uploads\/banner_logo3.png","contentUrl":"https:\/\/BadKoenig-Argentat.de\/wordpress\/wp-content\/uploads\/banner_logo3.png","width":1680,"height":525,"caption":"Partnerschaftskomitee Bad K\u00f6nig - Argentat"},"image":{"@id":"https:\/\/BadKoenig-Argentat.de\/index.php\/#\/schema\/logo\/image\/"}}]}},"_links":{"self":[{"href":"https:\/\/BadKoenig-Argentat.de\/index.php\/wp-json\/wp\/v2\/pages\/30","targetHints":{"allow":["GET"]}}],"collection":[{"href":"https:\/\/BadKoenig-Argentat.de\/index.php\/wp-json\/wp\/v2\/pages"}],"about":[{"href":"https:\/\/BadKoenig-Argentat.de\/index.php\/wp-json\/wp\/v2\/types\/page"}],"author":[{"embeddable":true,"href":"https:\/\/BadKoenig-Argentat.de\/index.php\/wp-json\/wp\/v2\/users\/1"}],"replies":[{"embeddable":true,"href":"https:\/\/BadKoenig-Argentat.de\/index.php\/wp-json\/wp\/v2\/comments?post=30"}],"version-history":[{"count":14,"href":"https:\/\/BadKoenig-Argentat.de\/index.php\/wp-json\/wp\/v2\/pages\/30\/revisions"}],"predecessor-version":[{"id":1095,"href":"https:\/\/BadKoenig-Argentat.de\/index.php\/wp-json\/wp\/v2\/pages\/30\/revisions\/1095"}],"wp:featuredmedia":[{"embeddable":true,"href":"https:\/\/BadKoenig-Argentat.de\/index.php\/wp-json\/wp\/v2\/media\/319"}],"wp:attachment":[{"href":"https:\/\/BadKoenig-Argentat.de\/index.php\/wp-json\/wp\/v2\/media?parent=30"}],"curies":[{"name":"wp","href":"https:\/\/api.w.org\/{rel}","templated":true}]}}